{"id":683,"date":"2023-06-07T13:53:36","date_gmt":"2023-06-07T13:53:36","guid":{"rendered":"https:\/\/www.mediclin.pt\/?page_id=683"},"modified":"2025-11-03T12:39:27","modified_gmt":"2025-11-03T12:39:27","slug":"politica-de-cookies","status":"publish","type":"page","link":"https:\/\/www.mediclin.pt\/?page_id=683","title":{"rendered":"Pol\u00edtica de cookies"},"content":{"rendered":"\t\t<div data-elementor-type=\"wp-page\" data-elementor-id=\"683\" class=\"elementor elementor-683\">\n\t\t\t\t\t\t\t\t\t<section class=\"elementor-section elementor-top-section elementor-element elementor-element-371c31e6 elementor-section-boxed elementor-section-height-default elementor-section-height-default\" data-id=\"371c31e6\" data-element_type=\"section\">\n\t\t\t\t\t\t<div class=\"elementor-container elementor-column-gap-default\">\n\t\t\t\t\t<div class=\"elementor-column elementor-col-100 elementor-top-column elementor-element elementor-element-26d36de0\" data-id=\"26d36de0\" data-element_type=\"column\">\n\t\t\t<div class=\"elementor-widget-wrap elementor-element-populated\">\n\t\t\t\t\t\t\t\t<div class=\"elementor-element elementor-element-62878c65 elementor-widget elementor-widget-text-editor\" data-id=\"62878c65\" data-element_type=\"widget\" data-widget_type=\"text-editor.default\">\n\t\t\t\t<div class=\"elementor-widget-container\">\n\t\t\t<style>\/*! elementor - v3.17.0 - 08-11-2023 *\/\n.elementor-widget-text-editor.elementor-drop-cap-view-stacked .elementor-drop-cap{background-color:#69727d;color:#fff}.elementor-widget-text-editor.elementor-drop-cap-view-framed .elementor-drop-cap{color:#69727d;border:3px solid;background-color:transparent}.elementor-widget-text-editor:not(.elementor-drop-cap-view-default) .elementor-drop-cap{margin-top:8px}.elementor-widget-text-editor:not(.elementor-drop-cap-view-default) .elementor-drop-cap-letter{width:1em;height:1em}.elementor-widget-text-editor .elementor-drop-cap{float:left;text-align:center;line-height:1;font-size:50px}.elementor-widget-text-editor .elementor-drop-cap-letter{display:inline-block}<\/style>\t\t\t\t<p data-start=\"355\" data-end=\"414\"><strong data-start=\"355\" data-end=\"385\">Cl\u00ednica Dent\u00e1ria de Mira, Lda<\/strong><\/p><p data-start=\"355\" data-end=\"414\">\u00daltima atualiza\u00e7\u00e3o: 3 de novembro de 2025<\/p><p data-start=\"355\" data-end=\"414\">\u00a0<\/p><h5 data-start=\"421\" data-end=\"447\">1. O que s\u00e3o cookies<\/h5><p data-start=\"448\" data-end=\"756\">Cookies s\u00e3o pequenos ficheiros de texto armazenados no seu dispositivo (computador, tablet ou telem\u00f3vel) quando visita um website.<br data-start=\"578\" data-end=\"581\" \/>Servem, em geral, para garantir o bom funcionamento do site, melhorar a experi\u00eancia do utilizador e, nalguns casos, recolher informa\u00e7\u00f5es sobre a forma como o site \u00e9 utilizado.<\/p><p data-start=\"448\" data-end=\"756\">\u00a0<\/p><h5 data-start=\"763\" data-end=\"807\">2. Utiliza\u00e7\u00e3o de cookies neste website<\/h5><p data-start=\"808\" data-end=\"1130\">O website da Cl\u00ednica Dent\u00e1ria de Mira, Lda, designada de Mediclin, n\u00e3o utiliza cookies para fins de publicidade, an\u00e1lise estat\u00edstica, rastreamento de utilizadores ou partilha com terceiros.<br data-start=\"978\" data-end=\"981\" \/>Apenas s\u00e3o utilizados cookies t\u00e9cnicos e essenciais, estritamente necess\u00e1rios ao funcionamento do site e \u00e0 submiss\u00e3o dos formul\u00e1rios de contacto.<\/p><p data-start=\"808\" data-end=\"1130\">\u00a0<\/p><h5 data-start=\"1137\" data-end=\"1173\">3. Tipos de cookies utilizados<\/h5><div class=\"_tableContainer_1rjym_1\"><div class=\"group _tableWrapper_1rjym_13 flex w-fit flex-col-reverse\" tabindex=\"-1\"><table class=\"w-fit min-w-(--thread-content-width)\" data-start=\"1175\" data-end=\"1693\"><thead data-start=\"1175\" data-end=\"1226\"><tr data-start=\"1175\" data-end=\"1226\"><th data-start=\"1175\" data-end=\"1192\" data-col-size=\"sm\">Tipo de cookie<\/th><th data-start=\"1192\" data-end=\"1205\" data-col-size=\"lg\">Finalidade<\/th><th data-start=\"1205\" data-end=\"1215\" data-col-size=\"sm\">Dura\u00e7\u00e3o<\/th><th data-start=\"1215\" data-end=\"1226\" data-col-size=\"sm\">Exemplo<\/th><\/tr><\/thead><tbody data-start=\"1283\" data-end=\"1693\"><tr data-start=\"1283\" data-end=\"1482\"><td data-start=\"1283\" data-end=\"1320\" data-col-size=\"sm\"><strong data-start=\"1285\" data-end=\"1319\">Cookies de sess\u00e3o (essenciais)<\/strong><\/td><td data-col-size=\"lg\" data-start=\"1320\" data-end=\"1421\">Garantem o funcionamento b\u00e1sico do site, como o envio de formul\u00e1rios ou a navega\u00e7\u00e3o entre p\u00e1ginas.<\/td><td data-col-size=\"sm\" data-start=\"1421\" data-end=\"1457\">Expiram quando fecha o navegador.<\/td><td data-col-size=\"sm\" data-start=\"1457\" data-end=\"1482\">PHPSESSID, session_id<\/td><\/tr><tr data-start=\"1483\" data-end=\"1693\"><td data-start=\"1483\" data-end=\"1510\" data-col-size=\"sm\"><strong data-start=\"1485\" data-end=\"1509\">Cookies de seguran\u00e7a<\/strong><\/td><td data-col-size=\"lg\" data-start=\"1510\" data-end=\"1636\">Ajudam a prevenir o uso indevido de formul\u00e1rios e proteger o website contra ataques automatizados (por exemplo, reCAPTCHA).<\/td><td data-col-size=\"sm\" data-start=\"1636\" data-end=\"1663\">Podem durar at\u00e9 6 meses.<\/td><td data-col-size=\"sm\" data-start=\"1663\" data-end=\"1693\">_GRECAPTCHA, rc::a, rc::b<\/td><\/tr><\/tbody><\/table><\/div><\/div><p data-start=\"1695\" data-end=\"1792\">Estes cookies n\u00e3o recolhem quaisquer dados pessoais que permitam identificar o utilizador.<\/p><p data-start=\"1695\" data-end=\"1792\">\u00a0<\/p><h5 data-start=\"1799\" data-end=\"1843\">4. Consentimento para o uso de cookies<\/h5><p data-start=\"1844\" data-end=\"2089\">Dado que apenas s\u00e3o utilizados cookies estritamente necess\u00e1rios, n\u00e3o \u00e9 solicitado consentimento para o seu uso, nos termos do artigo 5.\u00ba, n.\u00ba 3 da Diretiva ePrivacy e da Lei n.\u00ba 41\/2004, de 18 de agosto (alterada pela Lei n.\u00ba 46\/2012).<\/p><p data-start=\"2091\" data-end=\"2188\">Mesmo assim, informamos o utilizador de forma transparente sobre a sua utiliza\u00e7\u00e3o nesta pol\u00edtica.<\/p><p data-start=\"2091\" data-end=\"2188\">\u00a0<\/p><h5 data-start=\"2195\" data-end=\"2234\">5. Gest\u00e3o e elimina\u00e7\u00e3o de cookies<\/h5><p data-start=\"2235\" data-end=\"2482\">O utilizador pode, a qualquer momento, configurar o seu navegador para bloquear ou eliminar cookies.<br data-start=\"2335\" data-end=\"2338\" \/>No entanto, a desativa\u00e7\u00e3o de cookies essenciais pode afetar o funcionamento de certas partes do website (por exemplo, o envio de formul\u00e1rios).<\/p><p data-start=\"2484\" data-end=\"2517\">\ud83d\udc49 Exemplos de gest\u00e3o de cookies:<\/p><ul data-start=\"2518\" data-end=\"2763\"><li data-start=\"2518\" data-end=\"2612\"><p data-start=\"2520\" data-end=\"2612\"><strong data-start=\"2520\" data-end=\"2538\">Google Chrome:<\/strong> Defini\u00e7\u00f5es \u2192 Privacidade e seguran\u00e7a \u2192 Cookies e outros dados dos sites<\/p><\/li><li data-start=\"2613\" data-end=\"2697\"><p data-start=\"2615\" data-end=\"2697\"><strong data-start=\"2615\" data-end=\"2635\">Mozilla Firefox:<\/strong> Op\u00e7\u00f5es \u2192 Privacidade e seguran\u00e7a \u2192 Cookies e dados de sites<\/p><\/li><li data-start=\"2698\" data-end=\"2763\"><p data-start=\"2700\" data-end=\"2763\"><strong data-start=\"2700\" data-end=\"2711\">Safari:<\/strong> Prefer\u00eancias \u2192 Privacidade \u2192 Gerir dados de sites<\/p><\/li><\/ul><h5 data-start=\"2770\" data-end=\"2813\">6. Atualiza\u00e7\u00f5es \u00e0 Pol\u00edtica de Cookies<\/h5><p data-start=\"2814\" data-end=\"3052\">A Cl\u00ednica Dent\u00e1ria de Mira Lda, designada Mediclin, poder\u00e1 atualizar esta Pol\u00edtica de Cookies sempre que necess\u00e1rio, nomeadamente para refletir altera\u00e7\u00f5es t\u00e9cnicas ou legais.<br data-start=\"2969\" data-end=\"2972\" \/>As altera\u00e7\u00f5es ser\u00e3o publicadas nesta p\u00e1gina com a respetiva data de atualiza\u00e7\u00e3o.<\/p><p data-start=\"2814\" data-end=\"3052\">\u00a0<\/p><h5 data-start=\"3059\" data-end=\"3077\">7. Contactos<\/h5><p data-start=\"3078\" data-end=\"3256\">Se tiver d\u00favidas sobre o uso de cookies neste website, pode contactar-nos:<br data-start=\"3152\" data-end=\"3155\" \/>\ud83d\udce7 geral@mediclin.pt<br data-start=\"3196\" data-end=\"3199\" \/>\ud83d\udcde 231401979<br data-start=\"3227\" data-end=\"3230\" \/>\ud83d\udccd Rua Marqu\u00eas de Pombal n\u00ba4, 3070-327, Mira<\/p>\t\t\t\t\t\t<\/div>\n\t\t\t\t<\/div>\n\t\t\t\t\t<\/div>\n\t\t<\/div>\n\t\t\t\t\t\t\t<\/div>\n\t\t<\/section>\n\t\t\t\t\t\t\t<\/div>\n\t\t","protected":false},"excerpt":{"rendered":"<p>Utilizamos cookies para assegurar uma melhor experi\u00eancia de utiliza\u00e7\u00e3o e tamb\u00e9m cookies de terceiros, como Google e Facebook, para medi\u00e7\u00e3o e an\u00e1lise de tr\u00e1fego. Estes cookies podem armazenar alguma informa\u00e7\u00e3o que permita identificar um visitante do website. O visitante pode, no entanto, configurar o seu programa de navega\u00e7\u00e3o na Internet para n\u00e3o aceitar cookies, caso &hellip;<\/p>\n<p class=\"read-more\"> <a class=\"\" href=\"https:\/\/www.mediclin.pt\/?page_id=683\"> <span class=\"screen-reader-text\">Pol\u00edtica de cookies<\/span> Read More &raquo;<\/a><\/p>\n","protected":false},"author":1,"featured_media":0,"parent":0,"menu_order":0,"comment_status":"closed","ping_status":"closed","template":"","meta":{"site-sidebar-layout":"default","site-content-layout":"","ast-site-content-layout":"","site-content-style":"default","site-sidebar-style":"default","ast-global-header-display":"","ast-banner-title-visibility":"","ast-main-header-display":"","ast-hfb-above-header-display":"","ast-hfb-below-header-display":"","ast-hfb-mobile-header-display":"","site-post-title":"","ast-breadcrumbs-content":"","ast-featured-img":"","footer-sml-layout":"","theme-transparent-header-meta":"","adv-header-id-meta":"","stick-header-meta":"","header-above-stick-meta":"","header-main-stick-meta":"","header-below-stick-meta":"","astra-migrate-meta-layouts":"","ast-page-background-enabled":"default","ast-page-background-meta":{"desktop":{"background-color":"","background-image":"","background-repeat":"repeat","background-position":"center center","background-size":"auto","background-attachment":"scroll","background-type":"","background-media":"","overlay-type":"","overlay-color":"","overlay-gradient":""},"tablet":{"background-color":"","background-image":"","background-repeat":"repeat","background-position":"center center","background-size":"auto","background-attachment":"scroll","background-type":"","background-media":"","overlay-type":"","overlay-color":"","overlay-gradient":""},"mobile":{"background-color":"","background-image":"","background-repeat":"repeat","background-position":"center center","background-size":"auto","background-attachment":"scroll","background-type":"","background-media":"","overlay-type":"","overlay-color":"","overlay-gradient":""}},"ast-content-background-meta":{"desktop":{"background-color":"var(--ast-global-color-5)","background-image":"","background-repeat":"repeat","background-position":"center center","background-size":"auto","background-attachment":"scroll","background-type":"","background-media":"","overlay-type":"","overlay-color":"","overlay-gradient":""},"tablet":{"background-color":"var(--ast-global-color-5)","background-image":"","background-repeat":"repeat","background-position":"center center","background-size":"auto","background-attachment":"scroll","background-type":"","background-media":"","overlay-type":"","overlay-color":"","overlay-gradient":""},"mobile":{"background-color":"var(--ast-global-color-5)","background-image":"","background-repeat":"repeat","background-position":"center center","background-size":"auto","background-attachment":"scroll","background-type":"","background-media":"","overlay-type":"","overlay-color":"","overlay-gradient":""}},"footnotes":""},"class_list":["post-683","page","type-page","status-publish","hentry"],"_links":{"self":[{"href":"https:\/\/www.mediclin.pt\/index.php?rest_route=\/wp\/v2\/pages\/683","targetHints":{"allow":["GET"]}}],"collection":[{"href":"https:\/\/www.mediclin.pt\/index.php?rest_route=\/wp\/v2\/pages"}],"about":[{"href":"https:\/\/www.mediclin.pt\/index.php?rest_route=\/wp\/v2\/types\/page"}],"author":[{"embeddable":true,"href":"https:\/\/www.mediclin.pt\/index.php?rest_route=\/wp\/v2\/users\/1"}],"replies":[{"embeddable":true,"href":"https:\/\/www.mediclin.pt\/index.php?rest_route=%2Fwp%2Fv2%2Fcomments&post=683"}],"version-history":[{"count":24,"href":"https:\/\/www.mediclin.pt\/index.php?rest_route=\/wp\/v2\/pages\/683\/revisions"}],"predecessor-version":[{"id":892,"href":"https:\/\/www.mediclin.pt\/index.php?rest_route=\/wp\/v2\/pages\/683\/revisions\/892"}],"wp:attachment":[{"href":"https:\/\/www.mediclin.pt\/index.php?rest_route=%2Fwp%2Fv2%2Fmedia&parent=683"}],"curies":[{"name":"wp","href":"https:\/\/api.w.org\/{rel}","templated":true}]}}